{"id":3384,"date":"2023-04-27T14:48:57","date_gmt":"2023-04-27T12:48:57","guid":{"rendered":"https:\/\/www.hestexsystems.com\/firma\/haltbarkeit\/"},"modified":"2023-07-20T16:40:48","modified_gmt":"2023-07-20T14:40:48","slug":"nachhaltigkeit","status":"publish","type":"page","link":"https:\/\/www.hestexsystems.com\/de\/firma\/nachhaltigkeit\/","title":{"rendered":"Nachhaltigkeit"},"content":{"rendered":"\t\t<div data-elementor-type=\"wp-page\" data-elementor-id=\"3384\" class=\"elementor elementor-3384 elementor-1552\" data-elementor-post-type=\"page\">\n\t\t\t\t\t\t<section class=\"elementor-section elementor-top-section elementor-element elementor-element-8b37141 elementor-section-full_width elementor-section-height-default elementor-section-height-default\" data-id=\"8b37141\" data-element_type=\"section\" data-e-type=\"section\" data-settings=\"{&quot;background_background&quot;:&quot;classic&quot;}\">\n\t\t\t\t\t\t<div class=\"elementor-container elementor-column-gap-no\">\n\t\t\t\t\t<div class=\"elementor-column elementor-col-100 elementor-top-column elementor-element elementor-element-ea9bb5b\" data-id=\"ea9bb5b\" data-element_type=\"column\" data-e-type=\"column\">\n\t\t\t<div class=\"elementor-widget-wrap elementor-element-populated\">\n\t\t\t\t\t\t<div class=\"elementor-element elementor-element-614e4a0 exp-text-white exp-container--padding-left exp-container--padding-right elementor-widget elementor-widget-heading\" data-id=\"614e4a0\" data-element_type=\"widget\" data-e-type=\"widget\" data-widget_type=\"heading.default\">\n\t\t\t\t<div class=\"elementor-widget-container\">\n\t\t\t\t\t<h2 class=\"elementor-heading-title elementor-size-default\">Nachhaltigkeit<\/h2>\t\t\t\t<\/div>\n\t\t\t\t<\/div>\n\t\t\t\t<div class=\"elementor-element elementor-element-0df0b50 elementor-widget elementor-widget-template\" data-id=\"0df0b50\" data-element_type=\"widget\" data-e-type=\"widget\" data-widget_type=\"template.default\">\n\t\t\t\t<div class=\"elementor-widget-container\">\n\t\t\t\t\t\t\t<div class=\"elementor-template\">\n\t\t\t\t\t<div data-elementor-type=\"section\" data-elementor-id=\"3398\" class=\"elementor elementor-3398 elementor-1419 elementor-1419\" data-elementor-post-type=\"elementor_library\">\n\t\t\t\t\t<section class=\"elementor-section elementor-inner-section elementor-element elementor-element-1aeebd59 elementor-section-full_width exp-container--padding-left exp-container--padding-right elementor-section-height-default elementor-section-height-default\" data-id=\"1aeebd59\" data-element_type=\"section\" data-e-type=\"section\">\n\t\t\t\t\t\t<div class=\"elementor-container elementor-column-gap-no\">\n\t\t\t\t\t<div class=\"elementor-column elementor-col-100 elementor-inner-column elementor-element elementor-element-45720a0 exp-button-menu--wrapper exp-button-menu--wrapper_events\" data-id=\"45720a0\" data-element_type=\"column\" data-e-type=\"column\" data-settings=\"{&quot;background_background&quot;:&quot;classic&quot;}\">\n\t\t\t<div class=\"elementor-widget-wrap elementor-element-populated\">\n\t\t\t\t\t\t<div class=\"elementor-element elementor-element-45fa2579 elementor-widget-mobile__width-auto elementor-widget elementor-widget-heading\" data-id=\"45fa2579\" data-element_type=\"widget\" data-e-type=\"widget\" data-widget_type=\"heading.default\">\n\t\t\t\t<div class=\"elementor-widget-container\">\n\t\t\t\t\t<h4 class=\"elementor-heading-title elementor-size-default\">Hestex Systems Group<\/h4>\t\t\t\t<\/div>\n\t\t\t\t<\/div>\n\t\t\t\t<div class=\"elementor-element elementor-element-25dc2d5e elementor-nav-menu__align-start elementor-nav-menu--dropdown-mobile exp-menu-butonstyle elementor-nav-menu--stretch elementor-widget-mobile__width-auto elementor-nav-menu__text-align-aside elementor-nav-menu--toggle elementor-nav-menu--burger elementor-widget elementor-widget-nav-menu\" data-id=\"25dc2d5e\" data-element_type=\"widget\" data-e-type=\"widget\" data-settings=\"{&quot;full_width&quot;:&quot;stretch&quot;,&quot;layout&quot;:&quot;horizontal&quot;,&quot;submenu_icon&quot;:{&quot;value&quot;:&quot;&lt;i class=\\&quot;fas fa-caret-down\\&quot; aria-hidden=\\&quot;true\\&quot;&gt;&lt;\\\/i&gt;&quot;,&quot;library&quot;:&quot;fa-solid&quot;},&quot;toggle&quot;:&quot;burger&quot;}\" data-widget_type=\"nav-menu.default\">\n\t\t\t\t<div class=\"elementor-widget-container\">\n\t\t\t\t\t\t\t\t<nav aria-label=\"Men\u00fc\" class=\"elementor-nav-menu--main elementor-nav-menu__container elementor-nav-menu--layout-horizontal e--pointer-none\">\n\t\t\t\t<ul id=\"menu-1-25dc2d5e\" class=\"elementor-nav-menu\"><li class=\"menu-item menu-item-type-post_type menu-item-object-page menu-item-2620\"><a href=\"https:\/\/www.hestexsystems.com\/company\/\" class=\"elementor-item\">Firma<\/a><\/li>\n<li class=\"menu-item menu-item-type-post_type menu-item-object-page menu-item-1655\"><a href=\"https:\/\/www.hestexsystems.com\/company\/mission\/\" class=\"elementor-item\">Mission<\/a><\/li>\n<li class=\"menu-item menu-item-type-post_type menu-item-object-page menu-item-1549\"><a href=\"https:\/\/www.hestexsystems.com\/company\/history\/\" class=\"elementor-item\">Geschichte<\/a><\/li>\n<li class=\"menu-item menu-item-type-post_type menu-item-object-page menu-item-1561\"><a href=\"https:\/\/www.hestexsystems.com\/company\/sustainability\/\" class=\"elementor-item\">Nachhaltigkeit<\/a><\/li>\n<li class=\"menu-item menu-item-type-post_type menu-item-object-page menu-item-1427\"><a href=\"https:\/\/www.hestexsystems.com\/company\/contact\/\" class=\"elementor-item\">Kontakt<\/a><\/li>\n<\/ul>\t\t\t<\/nav>\n\t\t\t\t\t<div class=\"elementor-menu-toggle\" role=\"button\" tabindex=\"0\" aria-label=\"Men\u00fc Umschalter\" aria-expanded=\"false\">\n\t\t\t<i aria-hidden=\"true\" role=\"presentation\" class=\"elementor-menu-toggle__icon--open eicon-menu-bar\"><\/i><i aria-hidden=\"true\" role=\"presentation\" class=\"elementor-menu-toggle__icon--close eicon-close\"><\/i>\t\t<\/div>\n\t\t\t\t\t<nav class=\"elementor-nav-menu--dropdown elementor-nav-menu__container\" aria-hidden=\"true\">\n\t\t\t\t<ul id=\"menu-2-25dc2d5e\" class=\"elementor-nav-menu\"><li class=\"menu-item menu-item-type-post_type menu-item-object-page menu-item-2620\"><a href=\"https:\/\/www.hestexsystems.com\/company\/\" class=\"elementor-item\" tabindex=\"-1\">Firma<\/a><\/li>\n<li class=\"menu-item menu-item-type-post_type menu-item-object-page menu-item-1655\"><a href=\"https:\/\/www.hestexsystems.com\/company\/mission\/\" class=\"elementor-item\" tabindex=\"-1\">Mission<\/a><\/li>\n<li class=\"menu-item menu-item-type-post_type menu-item-object-page menu-item-1549\"><a href=\"https:\/\/www.hestexsystems.com\/company\/history\/\" class=\"elementor-item\" tabindex=\"-1\">Geschichte<\/a><\/li>\n<li class=\"menu-item menu-item-type-post_type menu-item-object-page menu-item-1561\"><a href=\"https:\/\/www.hestexsystems.com\/company\/sustainability\/\" class=\"elementor-item\" tabindex=\"-1\">Nachhaltigkeit<\/a><\/li>\n<li class=\"menu-item menu-item-type-post_type menu-item-object-page menu-item-1427\"><a href=\"https:\/\/www.hestexsystems.com\/company\/contact\/\" class=\"elementor-item\" tabindex=\"-1\">Kontakt<\/a><\/li>\n<\/ul>\t\t\t<\/nav>\n\t\t\t\t\t\t<\/div>\n\t\t\t\t<\/div>\n\t\t\t\t\t<\/div>\n\t\t<\/div>\n\t\t\t\t\t<\/div>\n\t\t<\/section>\n\t\t\t\t<\/div>\n\t\t\t\t<\/div>\n\t\t\t\t\t\t<\/div>\n\t\t\t\t<\/div>\n\t\t\t\t\t<\/div>\n\t\t<\/div>\n\t\t\t\t\t<\/div>\n\t\t<\/section>\n\t\t\t\t<section class=\"elementor-section elementor-top-section elementor-element elementor-element-3f9d508 elementor-section-full_width exp-container--padding-left exp-container--padding-right elementor-section-height-default elementor-section-height-default\" data-id=\"3f9d508\" data-element_type=\"section\" data-e-type=\"section\" data-settings=\"{&quot;background_background&quot;:&quot;classic&quot;}\">\n\t\t\t\t\t\t<div class=\"elementor-container elementor-column-gap-default\">\n\t\t\t\t\t<div class=\"elementor-column elementor-col-100 elementor-top-column elementor-element elementor-element-1d3b443\" data-id=\"1d3b443\" data-element_type=\"column\" data-e-type=\"column\">\n\t\t\t<div class=\"elementor-widget-wrap elementor-element-populated\">\n\t\t\t\t\t\t<div class=\"elementor-element elementor-element-710b67b elementor-widget elementor-widget-text-editor\" data-id=\"710b67b\" data-element_type=\"widget\" data-e-type=\"widget\" data-widget_type=\"text-editor.default\">\n\t\t\t\t<div class=\"elementor-widget-container\">\n\t\t\t\t\t\t\t\t\t<h1>Nachhaltigkeit<\/h1>\n<p>Nachhaltigkeit und Soziale Verantwortung sind f\u00fcr Hestex von gr\u00f6\u00dfter Bedeutung. Wir erfinden st\u00e4ndig Innovationen f\u00fcr unsere (Produktions-)Prozesse und Aluminium Systeme und entwickeln und implementieren diese, um die Benutzerfreundlichkeit und Nachhaltigkeit unserer Produkte zu maximieren.<\/p>\n\t\t\t\t\t\t\t\t<\/div>\n\t\t\t\t<\/div>\n\t\t\t\t\t<\/div>\n\t\t<\/div>\n\t\t\t\t\t<\/div>\n\t\t<\/section>\n\t\t\t\t<section class=\"elementor-section elementor-top-section elementor-element elementor-element-a44008a elementor-section-full_width elementor-section-content-middle elementor-section-height-default elementor-section-height-default\" data-id=\"a44008a\" data-element_type=\"section\" data-e-type=\"section\">\n\t\t\t\t\t\t<div class=\"elementor-container elementor-column-gap-no\">\n\t\t\t\t\t<div class=\"elementor-column elementor-col-50 elementor-top-column elementor-element elementor-element-3d44897 exp-container-no-spacing--padding-left\" data-id=\"3d44897\" data-element_type=\"column\" data-e-type=\"column\">\n\t\t\t<div class=\"elementor-widget-wrap elementor-element-populated\">\n\t\t\t\t\t\t<div class=\"elementor-element elementor-element-e9aa0ae elementor-widget elementor-widget-text-editor\" data-id=\"e9aa0ae\" data-element_type=\"widget\" data-e-type=\"widget\" data-widget_type=\"text-editor.default\">\n\t\t\t\t<div class=\"elementor-widget-container\">\n\t\t\t\t\t\t\t\t\t<h2>Langzeitgebrauch<\/h2>\n<p>Unsere Systeme und Techniken sind auf den Langzeiteinsatz ausgelegt und beim Kauf externer Produkte achten wir darauf, mit den neuesten verf\u00fcgbaren Techniken und Materialien zu arbeiten. Zum Beispiel in Bezug auf Grafiken; Wir drucken unsere Dekorationen heutzutage auf Papier und Karton, arbeiten mit wiederverwendbaren Bannersystemen und Grafiken und verzichten weitestgehend auf den Einsatz jeglicher Kunststoffe.<\/p>\n\t\t\t\t\t\t\t\t<\/div>\n\t\t\t\t<\/div>\n\t\t\t\t\t<\/div>\n\t\t<\/div>\n\t\t\t\t<div class=\"elementor-column elementor-col-50 elementor-top-column elementor-element elementor-element-b127b5a\" data-id=\"b127b5a\" data-element_type=\"column\" data-e-type=\"column\" data-settings=\"{&quot;background_background&quot;:&quot;classic&quot;}\">\n\t\t\t<div class=\"elementor-widget-wrap elementor-element-populated\">\n\t\t\t\t\t\t<div class=\"elementor-element elementor-element-581c34d elementor-widget elementor-widget-image\" data-id=\"581c34d\" data-element_type=\"widget\" data-e-type=\"widget\" data-widget_type=\"image.default\">\n\t\t\t\t<div class=\"elementor-widget-container\">\n\t\t\t\t\t\t\t\t\t\t\t\t\t\t\t<img fetchpriority=\"high\" decoding=\"async\" width=\"595\" height=\"594\" src=\"https:\/\/www.hestexsystems.com\/wp-content\/uploads\/2023\/04\/Sustainable-logo-Hestex-Systems-Group.svg\" class=\"attachment-large size-large wp-image-2685\" alt=\"\" \/>\t\t\t\t\t\t\t\t\t\t\t\t\t\t\t<\/div>\n\t\t\t\t<\/div>\n\t\t\t\t\t<\/div>\n\t\t<\/div>\n\t\t\t\t\t<\/div>\n\t\t<\/section>\n\t\t\t\t<\/div>\n\t\t","protected":false},"excerpt":{"rendered":"<p>Nachhaltigkeit und Soziale Verantwortung sind f\u00fcr Hestex von gr\u00f6\u00dfter Bedeutung.<\/p>\n","protected":false},"author":1,"featured_media":2689,"parent":3378,"menu_order":30,"comment_status":"closed","ping_status":"closed","template":"elementor_header_footer","meta":{"_acf_changed":false,"footnotes":""},"class_list":["post-3384","page","type-page","status-publish","has-post-thumbnail","hentry"],"acf":[],"yoast_head":"<!-- This site is optimized with the Yoast SEO plugin v27.4 - https:\/\/yoast.com\/product\/yoast-seo-wordpress\/ -->\n<title>Nachhaltigkeit - Hestex BV<\/title>\n<meta name=\"robots\" content=\"index, follow, max-snippet:-1, max-image-preview:large, max-video-preview:-1\" \/>\n<link rel=\"canonical\" href=\"https:\/\/www.hestexsystems.com\/de\/firma\/nachhaltigkeit\/\" \/>\n<meta property=\"og:locale\" content=\"de_DE\" \/>\n<meta property=\"og:type\" content=\"article\" \/>\n<meta property=\"og:title\" content=\"Nachhaltigkeit - Hestex BV\" \/>\n<meta property=\"og:description\" content=\"Nachhaltigkeit und Soziale Verantwortung sind f\u00fcr Hestex von gr\u00f6\u00dfter Bedeutung.\" \/>\n<meta property=\"og:url\" content=\"https:\/\/www.hestexsystems.com\/de\/firma\/nachhaltigkeit\/\" \/>\n<meta property=\"og:site_name\" content=\"Hestex BV\" \/>\n<meta property=\"article:modified_time\" content=\"2023-07-20T14:40:48+00:00\" \/>\n<meta property=\"og:image\" content=\"https:\/\/www.hestexsystems.com\/wp-content\/uploads\/2023\/04\/HestexSystemsGroup-Pand.jpg\" \/>\n\t<meta property=\"og:image:width\" content=\"1241\" \/>\n\t<meta property=\"og:image:height\" content=\"1307\" \/>\n\t<meta property=\"og:image:type\" content=\"image\/jpeg\" \/>\n<meta name=\"twitter:card\" content=\"summary_large_image\" \/>\n<meta name=\"twitter:label1\" content=\"Gesch\u00e4tzte Lesezeit\" \/>\n\t<meta name=\"twitter:data1\" content=\"1\u00a0Minute\" \/>\n<script type=\"application\/ld+json\" class=\"yoast-schema-graph\">{\"@context\":\"https:\\\/\\\/schema.org\",\"@graph\":[{\"@type\":\"WebPage\",\"@id\":\"https:\\\/\\\/www.hestexsystems.com\\\/de\\\/firma\\\/nachhaltigkeit\\\/\",\"url\":\"https:\\\/\\\/www.hestexsystems.com\\\/de\\\/firma\\\/nachhaltigkeit\\\/\",\"name\":\"Nachhaltigkeit - Hestex BV\",\"isPartOf\":{\"@id\":\"https:\\\/\\\/www.hestexsystems.com\\\/de\\\/#website\"},\"primaryImageOfPage\":{\"@id\":\"https:\\\/\\\/www.hestexsystems.com\\\/de\\\/firma\\\/nachhaltigkeit\\\/#primaryimage\"},\"image\":{\"@id\":\"https:\\\/\\\/www.hestexsystems.com\\\/de\\\/firma\\\/nachhaltigkeit\\\/#primaryimage\"},\"thumbnailUrl\":\"https:\\\/\\\/www.hestexsystems.com\\\/wp-content\\\/uploads\\\/2023\\\/04\\\/HestexSystemsGroup-Pand.jpg\",\"datePublished\":\"2023-04-27T12:48:57+00:00\",\"dateModified\":\"2023-07-20T14:40:48+00:00\",\"breadcrumb\":{\"@id\":\"https:\\\/\\\/www.hestexsystems.com\\\/de\\\/firma\\\/nachhaltigkeit\\\/#breadcrumb\"},\"inLanguage\":\"de\",\"potentialAction\":[{\"@type\":\"ReadAction\",\"target\":[\"https:\\\/\\\/www.hestexsystems.com\\\/de\\\/firma\\\/nachhaltigkeit\\\/\"]}]},{\"@type\":\"ImageObject\",\"inLanguage\":\"de\",\"@id\":\"https:\\\/\\\/www.hestexsystems.com\\\/de\\\/firma\\\/nachhaltigkeit\\\/#primaryimage\",\"url\":\"https:\\\/\\\/www.hestexsystems.com\\\/wp-content\\\/uploads\\\/2023\\\/04\\\/HestexSystemsGroup-Pand.jpg\",\"contentUrl\":\"https:\\\/\\\/www.hestexsystems.com\\\/wp-content\\\/uploads\\\/2023\\\/04\\\/HestexSystemsGroup-Pand.jpg\",\"width\":1241,\"height\":1307},{\"@type\":\"BreadcrumbList\",\"@id\":\"https:\\\/\\\/www.hestexsystems.com\\\/de\\\/firma\\\/nachhaltigkeit\\\/#breadcrumb\",\"itemListElement\":[{\"@type\":\"ListItem\",\"position\":1,\"name\":\"Home\",\"item\":\"https:\\\/\\\/www.hestexsystems.com\\\/de\\\/\"},{\"@type\":\"ListItem\",\"position\":2,\"name\":\"Firma\",\"item\":\"https:\\\/\\\/www.hestexsystems.com\\\/de\\\/company\\\/\"},{\"@type\":\"ListItem\",\"position\":3,\"name\":\"Nachhaltigkeit\"}]},{\"@type\":\"WebSite\",\"@id\":\"https:\\\/\\\/www.hestexsystems.com\\\/de\\\/#website\",\"url\":\"https:\\\/\\\/www.hestexsystems.com\\\/de\\\/\",\"name\":\"Hestex BV\",\"description\":\"\",\"publisher\":{\"@id\":\"https:\\\/\\\/www.hestexsystems.com\\\/de\\\/#organization\"},\"potentialAction\":[{\"@type\":\"SearchAction\",\"target\":{\"@type\":\"EntryPoint\",\"urlTemplate\":\"https:\\\/\\\/www.hestexsystems.com\\\/de\\\/?s={search_term_string}\"},\"query-input\":{\"@type\":\"PropertyValueSpecification\",\"valueRequired\":true,\"valueName\":\"search_term_string\"}}],\"inLanguage\":\"de\"},{\"@type\":\"Organization\",\"@id\":\"https:\\\/\\\/www.hestexsystems.com\\\/de\\\/#organization\",\"name\":\"Hestex BV\",\"url\":\"https:\\\/\\\/www.hestexsystems.com\\\/de\\\/\",\"logo\":{\"@type\":\"ImageObject\",\"inLanguage\":\"de\",\"@id\":\"https:\\\/\\\/www.hestexsystems.com\\\/de\\\/#\\\/schema\\\/logo\\\/image\\\/\",\"url\":\"https:\\\/\\\/www.hestexsystems.com\\\/wp-content\\\/uploads\\\/2022\\\/03\\\/Logo-Hestex-Systems-Group-wit.svg\",\"contentUrl\":\"https:\\\/\\\/www.hestexsystems.com\\\/wp-content\\\/uploads\\\/2022\\\/03\\\/Logo-Hestex-Systems-Group-wit.svg\",\"width\":1277,\"height\":612,\"caption\":\"Hestex BV\"},\"image\":{\"@id\":\"https:\\\/\\\/www.hestexsystems.com\\\/de\\\/#\\\/schema\\\/logo\\\/image\\\/\"}}]}<\/script>\n<!-- \/ Yoast SEO plugin. -->","yoast_head_json":{"title":"Nachhaltigkeit - Hestex BV","robots":{"index":"index","follow":"follow","max-snippet":"max-snippet:-1","max-image-preview":"max-image-preview:large","max-video-preview":"max-video-preview:-1"},"canonical":"https:\/\/www.hestexsystems.com\/de\/firma\/nachhaltigkeit\/","og_locale":"de_DE","og_type":"article","og_title":"Nachhaltigkeit - Hestex BV","og_description":"Nachhaltigkeit und Soziale Verantwortung sind f\u00fcr Hestex von gr\u00f6\u00dfter Bedeutung.","og_url":"https:\/\/www.hestexsystems.com\/de\/firma\/nachhaltigkeit\/","og_site_name":"Hestex BV","article_modified_time":"2023-07-20T14:40:48+00:00","og_image":[{"width":1241,"height":1307,"url":"https:\/\/www.hestexsystems.com\/wp-content\/uploads\/2023\/04\/HestexSystemsGroup-Pand.jpg","type":"image\/jpeg"}],"twitter_card":"summary_large_image","twitter_misc":{"Gesch\u00e4tzte Lesezeit":"1\u00a0Minute"},"schema":{"@context":"https:\/\/schema.org","@graph":[{"@type":"WebPage","@id":"https:\/\/www.hestexsystems.com\/de\/firma\/nachhaltigkeit\/","url":"https:\/\/www.hestexsystems.com\/de\/firma\/nachhaltigkeit\/","name":"Nachhaltigkeit - Hestex BV","isPartOf":{"@id":"https:\/\/www.hestexsystems.com\/de\/#website"},"primaryImageOfPage":{"@id":"https:\/\/www.hestexsystems.com\/de\/firma\/nachhaltigkeit\/#primaryimage"},"image":{"@id":"https:\/\/www.hestexsystems.com\/de\/firma\/nachhaltigkeit\/#primaryimage"},"thumbnailUrl":"https:\/\/www.hestexsystems.com\/wp-content\/uploads\/2023\/04\/HestexSystemsGroup-Pand.jpg","datePublished":"2023-04-27T12:48:57+00:00","dateModified":"2023-07-20T14:40:48+00:00","breadcrumb":{"@id":"https:\/\/www.hestexsystems.com\/de\/firma\/nachhaltigkeit\/#breadcrumb"},"inLanguage":"de","potentialAction":[{"@type":"ReadAction","target":["https:\/\/www.hestexsystems.com\/de\/firma\/nachhaltigkeit\/"]}]},{"@type":"ImageObject","inLanguage":"de","@id":"https:\/\/www.hestexsystems.com\/de\/firma\/nachhaltigkeit\/#primaryimage","url":"https:\/\/www.hestexsystems.com\/wp-content\/uploads\/2023\/04\/HestexSystemsGroup-Pand.jpg","contentUrl":"https:\/\/www.hestexsystems.com\/wp-content\/uploads\/2023\/04\/HestexSystemsGroup-Pand.jpg","width":1241,"height":1307},{"@type":"BreadcrumbList","@id":"https:\/\/www.hestexsystems.com\/de\/firma\/nachhaltigkeit\/#breadcrumb","itemListElement":[{"@type":"ListItem","position":1,"name":"Home","item":"https:\/\/www.hestexsystems.com\/de\/"},{"@type":"ListItem","position":2,"name":"Firma","item":"https:\/\/www.hestexsystems.com\/de\/company\/"},{"@type":"ListItem","position":3,"name":"Nachhaltigkeit"}]},{"@type":"WebSite","@id":"https:\/\/www.hestexsystems.com\/de\/#website","url":"https:\/\/www.hestexsystems.com\/de\/","name":"Hestex BV","description":"","publisher":{"@id":"https:\/\/www.hestexsystems.com\/de\/#organization"},"potentialAction":[{"@type":"SearchAction","target":{"@type":"EntryPoint","urlTemplate":"https:\/\/www.hestexsystems.com\/de\/?s={search_term_string}"},"query-input":{"@type":"PropertyValueSpecification","valueRequired":true,"valueName":"search_term_string"}}],"inLanguage":"de"},{"@type":"Organization","@id":"https:\/\/www.hestexsystems.com\/de\/#organization","name":"Hestex BV","url":"https:\/\/www.hestexsystems.com\/de\/","logo":{"@type":"ImageObject","inLanguage":"de","@id":"https:\/\/www.hestexsystems.com\/de\/#\/schema\/logo\/image\/","url":"https:\/\/www.hestexsystems.com\/wp-content\/uploads\/2022\/03\/Logo-Hestex-Systems-Group-wit.svg","contentUrl":"https:\/\/www.hestexsystems.com\/wp-content\/uploads\/2022\/03\/Logo-Hestex-Systems-Group-wit.svg","width":1277,"height":612,"caption":"Hestex BV"},"image":{"@id":"https:\/\/www.hestexsystems.com\/de\/#\/schema\/logo\/image\/"}}]}},"_links":{"self":[{"href":"https:\/\/www.hestexsystems.com\/de\/wp-json\/wp\/v2\/pages\/3384","targetHints":{"allow":["GET"]}}],"collection":[{"href":"https:\/\/www.hestexsystems.com\/de\/wp-json\/wp\/v2\/pages"}],"about":[{"href":"https:\/\/www.hestexsystems.com\/de\/wp-json\/wp\/v2\/types\/page"}],"author":[{"embeddable":true,"href":"https:\/\/www.hestexsystems.com\/de\/wp-json\/wp\/v2\/users\/1"}],"replies":[{"embeddable":true,"href":"https:\/\/www.hestexsystems.com\/de\/wp-json\/wp\/v2\/comments?post=3384"}],"version-history":[{"count":0,"href":"https:\/\/www.hestexsystems.com\/de\/wp-json\/wp\/v2\/pages\/3384\/revisions"}],"up":[{"embeddable":true,"href":"https:\/\/www.hestexsystems.com\/de\/wp-json\/wp\/v2\/pages\/3378"}],"wp:featuredmedia":[{"embeddable":true,"href":"https:\/\/www.hestexsystems.com\/de\/wp-json\/wp\/v2\/media\/2689"}],"wp:attachment":[{"href":"https:\/\/www.hestexsystems.com\/de\/wp-json\/wp\/v2\/media?parent=3384"}],"curies":[{"name":"wp","href":"https:\/\/api.w.org\/{rel}","templated":true}]}}